{"id":3,"date":"2022-06-10T18:27:40","date_gmt":"2022-06-10T11:27:40","guid":{"rendered":"https:\/\/test.duahaudo.net\/?page_id=3"},"modified":"2022-06-11T09:41:40","modified_gmt":"2022-06-11T02:41:40","slug":"privacy-policy","status":"publish","type":"page","link":"https:\/\/dugarco.com\/vi\/chinh-sach-bao-mat\/","title":{"rendered":"Ch\u00ednh s\u00e1ch b\u1ea3o m\u1eadt th\u00f4ng tin"},"content":{"rendered":"<p style=\"text-align: justify;\">C\u1ea3m \u01a1n b\u1ea1n \u0111\u00e3 gh\u00e9 th\u0103m website https:\/\/dugarco.com\/. Ch\u00fang t\u00f4i t\u00f4n tr\u1ecdng v\u00e0 cam k\u1ebft b\u1ea3o v\u1ec7 quy\u1ec1n ri\u00eang t\u01b0 c\u1ee7a b\u1ea1n. Vui l\u00f2ng \u0111\u1ecdc Ch\u00ednh s\u00e1ch b\u1ea3o m\u1eadt d\u01b0\u1edbi \u0111\u00e2y \u0111\u1ec3 hi\u1ec3u r\u00f5 h\u01a1n nh\u1eefng cam k\u1ebft m\u00e0 ch\u00fang t\u00f4i th\u1ef1c hi\u1ec7n nh\u1eb1m t\u00f4n tr\u1ecdng v\u00e0 b\u1ea3o v\u1ec7 quy\u1ec1n l\u1ee3i c\u1ee7a ng\u01b0\u1eddi truy c\u1eadp.<\/p>\r\n<p style=\"text-align: justify;\">Ch\u00ednh s\u00e1ch B\u1ea3o m\u1eadt n\u00e0y gi\u1ea3i th\u00edch c\u00e1ch ch\u00fang t\u00f4i nh\u1eadn, s\u1eed d\u1ee5ng v\u00e0 (trong nh\u1eefng tr\u01b0\u1eddng h\u1ee3p nh\u1ea5t \u0111\u1ecbnh) ti\u1ebft l\u1ed9 th\u00f4ng tin c\u00e1 nh\u00e2n c\u1ee7a b\u1ea1n. Ch\u00ednh s\u00e1ch B\u1ea3o m\u1eadt n\u00e0y c\u0169ng s\u1ebd gi\u1ea3i th\u00edch c\u00e1c b\u01b0\u1edbc ch\u00fang t\u00f4i th\u1ef1c hi\u1ec7n \u0111\u1ec3 b\u1ea3o m\u1eadt th\u00f4ng tin c\u00e1 nh\u00e2n c\u1ee7a kh\u00e1ch h\u00e0ng. Cu\u1ed1i c\u00f9ng, n\u00f3 s\u1ebd gi\u1ea3i th\u00edch c\u00e1c l\u1ef1a ch\u1ecdn c\u1ee7a b\u1ea1n li\u00ean quan \u0111\u1ebfn vi\u1ec7c thu th\u1eadp, s\u1eed d\u1ee5ng v\u00e0 ti\u1ebft l\u1ed9 th\u00f4ng tin c\u00e1 nh\u00e2n c\u1ee7a b\u1ea1n.<\/p>\r\n<h2 class=\"wp-block-heading\" style=\"text-align: justify;\"><strong>1. Thu th\u1eadp th\u00f4ng tin c\u00e1 nh\u00e2n<\/strong><\/h2>\r\n<p style=\"text-align: justify;\">Ch\u00fang t\u00f4i s\u1ebd thu th\u1eadp nhi\u1ec1u th\u00f4ng tin kh\u00e1c nhau t\u1eeb b\u1ea1n khi b\u1ea1n mu\u1ed1n \u0111\u1eb7t h\u00e0ng tr\u00ean web.<\/p>\r\n<p style=\"text-align: justify;\">Th\u00f4ng tin thu th\u1eadp \u0111\u01b0\u1ee3c kh\u00f4ng gi\u1edbi h\u1ea1n \u1edf th\u00f4ng tin c\u00e1 nh\u00e2n, bao g\u1ed3m ch\u1ee9c danh, t\u00ean, gi\u1edbi t\u00ednh, ng\u00e0y sinh, email, \u0111\u1ecba ch\u1ec9, \u0111\u1ecba ch\u1ec9 giao h\u00e0ng, s\u1ed1 \u0111i\u1ec7n tho\u1ea1i, fax, chi ti\u1ebft thanh to\u00e1n, chi ti\u1ebft thanh to\u00e1n th\u1ebb ho\u1eb7c chi ti\u1ebft t\u00e0i kho\u1ea3n ng\u00e2n h\u00e0ng.<\/p>\r\n<p style=\"text-align: justify;\">Ch\u00fang t\u00f4i s\u1ebd s\u1eed d\u1ee5ng th\u00f4ng tin b\u1ea1n \u0111\u00e3 cung c\u1ea5p \u0111\u1ec3 x\u1eed l\u00fd \u0111\u01a1n \u0111\u1eb7t h\u00e0ng c\u1ee7a b\u1ea1n v\u00e0 cung c\u1ea5p c\u00e1c d\u1ecbch v\u1ee5 v\u00e0 th\u00f4ng tin \u0111\u01b0\u1ee3c y\u00eau c\u1ea7u th\u00f4ng qua trang web v\u00e0 theo y\u00eau c\u1ea7u c\u1ee7a b\u1ea1n. H\u01a1n n\u1eefa, ch\u00fang t\u00f4i s\u1ebd s\u1eed d\u1ee5ng th\u00f4ng tin \u0111\u00f3 \u0111\u1ec3 qu\u1ea3n l\u00fd t\u00e0i kho\u1ea3n c\u1ee7a b\u1ea1n; x\u00e1c minh v\u00e0 th\u1ef1c hi\u1ec7n c\u00e1c giao d\u1ecbch tr\u1ef1c tuy\u1ebfn, ki\u1ec3m tra t\u1ea3i xu\u1ed1ng d\u1eef li\u1ec7u t\u1eeb web; c\u1ea3i thi\u1ec7n b\u1ed1 c\u1ee5c v\u00e0 n\u1ed9i dung trang web v\u00e0 \u0111i\u1ec1u ch\u1ec9nh n\u00f3 cho ph\u00f9 h\u1ee3p v\u1edbi ng\u01b0\u1eddi d\u00f9ng; x\u00e1c \u0111\u1ecbnh kh\u00e1ch truy c\u1eadp v\u00e0o web, nghi\u00ean c\u1ee9u nh\u00e2n kh\u1ea9u h\u1ecdc v\u00e0 g\u1eedi th\u00f4ng tin bao g\u1ed3m th\u00f4ng tin s\u1ea3n ph\u1ea9m v\u00e0 d\u1ecbch v\u1ee5, n\u1ebfu b\u1ea1n kh\u00f4ng c\u00f3 d\u1ea5u hi\u1ec7u t\u1eeb ch\u1ed1i. N\u1ebfu b\u1ea1n kh\u00f4ng mu\u1ed1n nh\u1eadn b\u1ea5t k\u1ef3 th\u00f4ng tin li\u00ean l\u1ea1c ti\u1ebfp th\u1ecb n\u00e0o c\u1ee7a ch\u00fang t\u00f4i, b\u1ea1n c\u00f3 th\u1ec3 ch\u1ecdn kh\u00f4ng tham gia b\u1ea5t k\u1ef3 l\u00fac n\u00e0o.<\/p>\r\n<p style=\"text-align: justify;\">C\u00e1c \u0111\u1ea1i l\u00fd M\u1ea1ng Qu\u1ed1c t\u1ebf c\u1ee7a ch\u00fang t\u00f4i s\u1ebd x\u1eed l\u00fd c\u00e1c kho\u1ea3n thanh to\u00e1n tr\u1ef1c tuy\u1ebfn. B\u1ea1n ch\u1ec9 cung c\u1ea5p cho ch\u00fang t\u00f4i ho\u1eb7c \u0110\u1ea1i l\u00fd ho\u1eb7c trang web th\u00f4ng tin ch\u00ednh x\u00e1c, kh\u00f4ng g\u00e2y nh\u1ea7m l\u1eabn v\u00e0 ph\u1ea3i th\u00f4ng b\u00e1o cho ch\u00fang t\u00f4i v\u1ec1 b\u1ea5t k\u1ef3 thay \u0111\u1ed5i n\u00e0o.<\/p>\r\n<p style=\"text-align: justify;\">Chi ti\u1ebft \u0111\u01a1n h\u00e0ng c\u1ee7a b\u1ea1n \u0111\u01b0\u1ee3c qu\u1ea3n l\u00fd b\u1eb1ng c\u00e1ch \u0111\u0103ng nh\u1eadp v\u00e0o t\u00e0i kho\u1ea3n c\u1ee7a b\u1ea1n tr\u00ean web. T\u1ea1i \u0111\u00e2y, b\u1ea1n s\u1ebd th\u1ea5y chi ti\u1ebft \u0111\u01a1n \u0111\u1eb7t h\u00e0ng c\u1ee7a m\u00ecnh, c\u00e1c s\u1ea3n ph\u1ea9m \u0111\u00e3 nh\u1eadn v\u00e0 g\u1eedi c\u0169ng nh\u01b0 chi ti\u1ebft email, ng\u00e2n h\u00e0ng v\u00e0 b\u1ea3n tin m\u00e0 b\u1ea1n \u0111\u00e3 \u0111\u1eb7t \u0111\u1ec3 theo d\u00f5i l\u00e2u d\u00e0i. B\u1ea1n cam k\u1ebft b\u1ea3o m\u1eadt d\u1eef li\u1ec7u c\u1ee7a m\u00ecnh v\u00e0 kh\u00f4ng ti\u1ebft l\u1ed9 cho b\u00ean th\u1ee9 ba. Ch\u00fang t\u00f4i kh\u00f4ng ch\u1ecbu b\u1ea5t k\u1ef3 tr\u00e1ch nhi\u1ec7m n\u00e0o \u0111\u1ed1i v\u1edbi vi\u1ec7c s\u1eed d\u1ee5ng sai m\u1eadt kh\u1ea9u n\u1ebfu \u0111\u00e2y kh\u00f4ng ph\u1ea3i l\u00e0 l\u1ed7i c\u1ee7a ch\u00fang t\u00f4i.<\/p>\r\n<figure id=\"attachment_6822\" aria-describedby=\"caption-attachment-6822\" style=\"width: 800px\" class=\"wp-caption aligncenter\"><img decoding=\"async\" class=\"wp-image-6822\" title=\"information privacy policy\" src=\"https:\/\/dugarco.com\/wp-content\/uploads\/2022\/06\/information-privacy-policy-MIN.png\" alt=\"information privacy policy\" width=\"800\" height=\"443\" srcset=\"https:\/\/dugarco.com\/wp-content\/uploads\/2022\/06\/information-privacy-policy-MIN.png 2917w, https:\/\/dugarco.com\/wp-content\/uploads\/2022\/06\/information-privacy-policy-MIN-300x166.png 300w, https:\/\/dugarco.com\/wp-content\/uploads\/2022\/06\/information-privacy-policy-MIN-1024x568.png 1024w, https:\/\/dugarco.com\/wp-content\/uploads\/2022\/06\/information-privacy-policy-MIN-768x426.png 768w, https:\/\/dugarco.com\/wp-content\/uploads\/2022\/06\/information-privacy-policy-MIN-1536x851.png 1536w, https:\/\/dugarco.com\/wp-content\/uploads\/2022\/06\/information-privacy-policy-MIN-2048x1135.png 2048w, https:\/\/dugarco.com\/wp-content\/uploads\/2022\/06\/information-privacy-policy-MIN-18x10.png 18w\" sizes=\"(max-width: 800px) 100vw, 800px\" \/><figcaption id=\"caption-attachment-6822\" class=\"wp-caption-text\">Ch\u00ednh s\u00e1ch b\u1ea3o m\u1eadt th\u00f4ng tin<\/figcaption><\/figure>\r\n<p style=\"text-align: justify;\">C\u00e1c quy \u0111\u1ecbnh kh\u00e1c v\u1ec1 th\u00f4ng tin c\u00e1 nh\u00e2n<\/p>\r\n<p style=\"text-align: justify;\">Ch\u00fang t\u00f4i c\u00f3 th\u1ec3 s\u1eed d\u1ee5ng th\u00f4ng tin c\u00e1 nh\u00e2n c\u1ee7a b\u1ea1n \u0111\u1ec3 nghi\u00ean c\u1ee9u th\u1ecb tr\u01b0\u1eddng. Th\u00f4ng tin chi ti\u1ebft s\u1ebd \u0111\u01b0\u1ee3c \u1ea9n v\u00e0 ch\u1ec9 \u0111\u01b0\u1ee3c s\u1eed d\u1ee5ng \u0111\u1ec3 th\u1ed1ng k\u00ea. B\u1ea1n c\u00f3 th\u1ec3 t\u1eeb ch\u1ed1i tham gia b\u1ea5t c\u1ee9 l\u00fac n\u00e0o. B\u1ea5t k\u1ef3 ph\u1ea3n h\u1ed3i n\u00e0o cho c\u00e1c cu\u1ed9c kh\u1ea3o s\u00e1t ho\u1eb7c th\u0103m d\u00f2 \u00fd ki\u1ebfn \u200b\u200bm\u00e0 ch\u00fang t\u00f4i c\u1ea7n b\u1ea1n th\u1ef1c hi\u1ec7n s\u1ebd kh\u00f4ng \u0111\u01b0\u1ee3c chuy\u1ec3n cho b\u00ean th\u1ee9 ba.<\/p>\r\n<p style=\"text-align: justify;\">Ch\u00fang t\u00f4i s\u1ebd ti\u1ebfp t\u1ee5c \u1ea9n danh d\u1eef li\u1ec7u ng\u01b0\u1eddi d\u00f9ng tr\u00ean trang web v\u00e0 s\u1eed d\u1ee5ng d\u1eef li\u1ec7u \u0111\u00f3 cho nhi\u1ec1u m\u1ee5c \u0111\u00edch kh\u00e1c nhau, bao g\u1ed3m x\u00e1c \u0111\u1ecbnh v\u1ecb tr\u00ed c\u1ee7a ng\u01b0\u1eddi d\u00f9ng v\u00e0 s\u1eed d\u1ee5ng c\u00e1c kh\u00eda c\u1ea1nh nh\u1ea5t \u0111\u1ecbnh c\u1ee7a trang web ho\u1eb7c li\u00ean k\u1ebft c\u00f3 trong email. cho ng\u01b0\u1eddi d\u00f9ng v\u00e0 cung c\u1ea5p d\u1eef li\u1ec7u \u1ea9n danh \u0111\u00f3 cho nh\u00e0 xu\u1ea5t b\u1ea3n b\u00ean th\u1ee9 ba. Tuy nhi\u00ean, d\u1eef li\u1ec7u n\u00e0y kh\u00f4ng c\u00f3 kh\u1ea3 n\u0103ng x\u00e1c \u0111\u1ecbnh c\u00e1 nh\u00e2n.<\/p>\r\n<p style=\"text-align: justify;\">\u0110\u1ed1i t\u00e1c v\u00e0 chi nh\u00e1nh th\u1ee9 ba<\/p>\r\n<p style=\"text-align: justify;\">Ch\u00fang t\u00f4i s\u1ebd ti\u1ebfp t\u1ee5c \u1ea9n danh d\u1eef li\u1ec7u ng\u01b0\u1eddi d\u00f9ng tr\u00ean trang web v\u00e0 s\u1eed d\u1ee5ng d\u1eef li\u1ec7u \u0111\u00f3 cho nhi\u1ec1u m\u1ee5c \u0111\u00edch kh\u00e1c nhau, bao g\u1ed3m x\u00e1c \u0111\u1ecbnh v\u1ecb tr\u00ed c\u1ee7a ng\u01b0\u1eddi d\u00f9ng v\u00e0 s\u1eed d\u1ee5ng c\u00e1c kh\u00eda c\u1ea1nh nh\u1ea5t \u0111\u1ecbnh c\u1ee7a trang web ho\u1eb7c li\u00ean k\u1ebft c\u00f3 trong email. cho ng\u01b0\u1eddi d\u00f9ng v\u00e0 cung c\u1ea5p d\u1eef li\u1ec7u \u1ea9n danh \u0111\u00f3 cho nh\u00e0 xu\u1ea5t b\u1ea3n b\u00ean th\u1ee9 ba. Tuy nhi\u00ean, d\u1eef li\u1ec7u n\u00e0y kh\u00f4ng c\u00f3 kh\u1ea3 n\u0103ng x\u00e1c \u0111\u1ecbnh c\u00e1 nh\u00e2n.<\/p>\r\n<p style=\"text-align: justify;\">H\u1ec7 th\u1ed1ng theo d\u00f5i h\u00e0nh vi c\u1ee7a kh\u00e1ch h\u00e0ng m\u00e0 ch\u00fang t\u00f4i s\u1eed d\u1ee5ng tr\u00ean k\u00eanh Qu\u1ea3ng c\u00e1o hi\u1ec3n th\u1ecb h\u00ecnh \u1ea3nh (v\u00ed d\u1ee5: Ti\u1ebfp th\u1ecb l\u1ea1i kh\u00e1ch h\u00e0ng, b\u00e1o c\u00e1o v\u1ec1 nh\u00e2n kh\u1ea9u h\u1ecdc c\u1ee7a kh\u00e1ch h\u00e0ng v\u00e0 s\u1edf th\u00edch c\u1ee7a kh\u00e1ch h\u00e0ng b\u1eb1ng c\u00f4ng c\u1ee5 Google Analytics\u2026) c\u00f3 th\u1ec3 thu th\u1eadp th\u00f4ng tin nh\u01b0 tu\u1ed5i, gi\u1edbi t\u00ednh, s\u1edf th\u00edch v\u00e0 s\u1ed1 l\u01b0\u1ee3ng t\u01b0\u01a1ng t\u00e1c v\u1edbi s\u1ed1 l\u1ea7n qu\u1ea3ng c\u00e1o xu\u1ea5t hi\u1ec7n.<\/p>\r\n<p style=\"text-align: justify;\">V\u1edbi t\u00ednh n\u0103ng c\u00e0i \u0111\u1eb7t qu\u1ea3ng c\u00e1o, ng\u01b0\u1eddi d\u00f9ng ho\u1eb7c kh\u00e1ch h\u00e0ng c\u00f3 th\u1ec3 ch\u1ecdn kh\u00f4ng tham gia theo d\u00f5i h\u00e0nh vi kh\u00e1ch h\u00e0ng c\u1ee7a Google Analytics v\u00e0 ch\u1ecdn c\u00e1ch k\u00eanh Qu\u1ea3ng c\u00e1o hi\u1ec3n th\u1ecb h\u00ecnh \u1ea3nh xu\u1ea5t hi\u1ec7n tr\u00ean Google.<\/p>\r\n<h2 style=\"text-align: justify;\"><strong>2. S\u1eed d\u1ee5ng Cookie<\/strong><\/h2>\r\n<p style=\"text-align: justify;\">Cookie l\u00e0 m\u1ed9t t\u1ec7p v\u0103n b\u1ea3n nh\u1ecf nh\u1eadn d\u1ea1ng duy nh\u1ea5t t\u00ean ng\u01b0\u1eddi d\u00f9ng c\u1ee7a b\u1ea1n t\u1eeb m\u00e1y t\u00ednh c\u1ee7a b\u1ea1n \u0111\u1ebfn m\u00e1y ch\u1ee7 c\u1ee7a ch\u00fang t\u00f4i khi b\u1ea1n truy c\u1eadp c\u00e1c trang nh\u1ea5t \u0111\u1ecbnh tr\u00ean trang web v\u00e0 \u0111\u01b0\u1ee3c tr\u00ecnh duy\u1ec7t internet l\u01b0u tr\u00ean \u1ed5 c\u1ee9ng m\u00e1y t\u00ednh c\u1ee7a b\u1ea1n. s\u1ed1 l\u01b0\u1ee3ng c\u1ee7a b\u1ea1n. Cookie \u0111\u01b0\u1ee3c s\u1eed d\u1ee5ng \u0111\u1ec3 x\u00e1c \u0111\u1ecbnh \u0111\u1ecba ch\u1ec9 IP v\u00e0 ti\u1ebft ki\u1ec7m th\u1eddi gian. Ch\u00fang t\u00f4i s\u1eed d\u1ee5ng cookie \u0111\u1ec3 thu\u1eadn ti\u1ec7n cho b\u1ea1n tr\u00ean web (v\u00ed d\u1ee5: ghi nh\u1edb t\u00ean ng\u01b0\u1eddi d\u00f9ng c\u1ee7a b\u1ea1n khi b\u1ea1n mu\u1ed1n thay \u0111\u1ed5i gi\u1ecf h\u00e0ng m\u00e0 kh\u00f4ng c\u1ea7n ph\u1ea3i nh\u1eadp l\u1ea1i \u0111\u1ecba ch\u1ec9 email) v\u00e0 kh\u00f4ng y\u00eau c\u1ea7u b\u1ea5t k\u1ef3 th\u00f4ng tin n\u00e0o. v\u1ec1 b\u1ea1n (v\u00ed d\u1ee5: m\u1ee5c ti\u00eau qu\u1ea3ng c\u00e1o). Tr\u00ecnh duy\u1ec7t c\u1ee7a b\u1ea1n c\u00f3 th\u1ec3 \u0111\u01b0\u1ee3c thi\u1ebft l\u1eadp \u0111\u1ec3 kh\u00f4ng s\u1eed d\u1ee5ng cookie, nh\u01b0ng \u0111i\u1ec1u n\u00e0y s\u1ebd h\u1ea1n ch\u1ebf vi\u1ec7c s\u1eed d\u1ee5ng web c\u1ee7a b\u1ea1n. Vui l\u00f2ng ch\u1ea5p nh\u1eadn cam k\u1ebft c\u1ee7a ch\u00fang t\u00f4i r\u1eb1ng cookie kh\u00f4ng bao g\u1ed3m b\u1ea5t k\u1ef3 chi ti\u1ebft c\u00e1 nh\u00e2n ri\u00eang t\u01b0 n\u00e0o v\u00e0 an to\u00e0n tr\u01b0\u1edbc vi r\u00fat. \u0110\u1ec3 t\u00ecm hi\u1ec3u th\u00eam v\u1ec1 cookie, vui l\u00f2ng truy c\u1eadp http:\/\/www.allaboutcookies.org ho\u1eb7c \u0111\u1ec3 t\u00ecm hi\u1ec3u c\u00e1ch x\u00f3a cookie kh\u1ecfi tr\u00ecnh duy\u1ec7t c\u1ee7a b\u1ea1n, vui l\u00f2ng truy c\u1eadp http:\/\/www.allaboutcookies.org\/manage-cookies\/index.html.<\/p>\r\n<p style=\"text-align: justify;\">Tr\u00ecnh duy\u1ec7t n\u00e0y s\u1eed d\u1ee5ng Google Analytics, m\u1ed9t d\u1ecbch v\u1ee5 ph\u00e2n t\u00edch trang web \u0111\u01b0\u1ee3c cung c\u1ea5p b\u1edfi Google, Inc. (\u201cGoogle\u201d). Google Analytics s\u1eed d\u1ee5ng cookie, l\u00e0 c\u00e1c t\u1ec7p v\u0103n b\u1ea3n \u0111\u01b0\u1ee3c \u0111\u1eb7t tr\u00ean m\u00e1y t\u00ednh c\u1ee7a b\u1ea1n, \u0111\u1ec3 gi\u00fap trang web ph\u00e2n t\u00edch c\u00e1ch ng\u01b0\u1eddi d\u00f9ng truy c\u1eadp web. Th\u00f4ng tin \u0111\u01b0\u1ee3c t\u1ed5ng h\u1ee3p t\u1eeb cookie s\u1ebd \u0111\u01b0\u1ee3c Google truy\u1ec1n \u0111\u1ebfn v\u00e0 l\u01b0u tr\u1eef tr\u00ean c\u00e1c m\u00e1y ch\u1ee7 \u1edf Hoa K\u1ef3. Google s\u1ebd s\u1eed d\u1ee5ng th\u00f4ng tin n\u00e0y \u0111\u1ec3 \u0111\u00e1nh gi\u00e1 vi\u1ec7c s\u1eed d\u1ee5ng web c\u1ee7a b\u1ea1n, bi\u00ean so\u1ea1n b\u00e1o c\u00e1o v\u1ec1 c\u00e1c ho\u1ea1t \u0111\u1ed9ng web cho c\u00e1c nh\u00e0 \u0111i\u1ec1u h\u00e0nh web v\u00e0 cung c\u1ea5p c\u00e1c d\u1ecbch v\u1ee5 kh\u00e1c li\u00ean quan \u0111\u1ebfn c\u00e1c ho\u1ea1t \u0111\u1ed9ng internet v\u00e0 vi\u1ec7c s\u1eed d\u1ee5ng internet. Google c\u0169ng c\u00f3 th\u1ec3 chuy\u1ec3n th\u00f4ng tin n\u00e0y cho c\u00e1c b\u00ean th\u1ee9 ba theo y\u00eau c\u1ea7u c\u1ee7a ph\u00e1p lu\u1eadt ho\u1eb7c cho c\u00e1c b\u00ean th\u1ee9 ba x\u1eed l\u00fd th\u00f4ng tin thay m\u1eb7t cho Google. Google s\u1ebd kh\u00f4ng li\u00ean k\u1ebft \u0111\u1ecba ch\u1ec9 IP c\u1ee7a b\u1ea1n v\u1edbi b\u1ea5t k\u1ef3 d\u1eef li\u1ec7u n\u00e0o kh\u00e1c m\u00e0 Google n\u1eafm gi\u1eef. B\u1ea1n c\u00f3 th\u1ec3 t\u1eeb ch\u1ed1i s\u1eed d\u1ee5ng cookie b\u1eb1ng c\u00e1ch ch\u1ecdn c\u00e0i \u0111\u1eb7t th\u00edch h\u1ee3p tr\u00ean tr\u00ecnh duy\u1ec7t c\u1ee7a m\u00ecnh, tuy nhi\u00ean, l\u01b0u \u00fd r\u1eb1ng \u0111i\u1ec1u n\u00e0y s\u1ebd ng\u0103n b\u1ea1n s\u1eed d\u1ee5ng \u0111\u1ea7y \u0111\u1ee7 ch\u1ee9c n\u0103ng c\u1ee7a trang web. B\u1eb1ng c\u00e1ch s\u1eed d\u1ee5ng trang web n\u00e0y, b\u1ea1n \u0111\u1ed3ng \u00fd \u0111\u1ec3 Google x\u1eed l\u00fd d\u1eef li\u1ec7u v\u1ec1 b\u1ea1n theo c\u00e1ch th\u1ee9c v\u00e0 c\u00e1c m\u1ee5c \u0111\u00edch n\u00eau tr\u00ean.<\/p>\r\n<h2 style=\"text-align: justify;\"><strong>3. B\u1ea3o m\u1eadt<\/strong><\/h2>\r\n<p style=\"text-align: justify;\">Ch\u00fang t\u00f4i th\u1ef1c hi\u1ec7n c\u00e1c bi\u1ec7n ph\u00e1p k\u1ef9 thu\u1eadt v\u00e0 b\u1ea3o m\u1eadt th\u00edch h\u1ee3p \u0111\u1ec3 ng\u0103n ch\u1eb7n truy c\u1eadp tr\u00e1i ph\u00e9p ho\u1eb7c b\u1ea5t h\u1ee3p ph\u00e1p ho\u1eb7c l\u00e0m m\u1ea5t ho\u1eb7c ph\u00e1 h\u1ee7y ho\u1eb7c l\u00e0m h\u1ecfng th\u00f4ng tin c\u1ee7a b\u1ea1n. Khi ch\u00fang t\u00f4i thu th\u1eadp d\u1eef li\u1ec7u tr\u00ean web, ch\u00fang t\u00f4i thu th\u1eadp th\u00f4ng tin c\u00e1 nh\u00e2n c\u1ee7a b\u1ea1n tr\u00ean m\u1ed9t m\u00e1y ch\u1ee7 an to\u00e0n. Ch\u00fang t\u00f4i s\u1eed d\u1ee5ng t\u01b0\u1eddng l\u1eeda cho m\u00e1y ch\u1ee7. Khi thu th\u1eadp chi ti\u1ebft th\u1ebb thanh to\u00e1n \u0111i\u1ec7n t\u1eed, ch\u00fang t\u00f4i s\u1eed d\u1ee5ng m\u00e3 h\u00f3a b\u1eb1ng L\u1edbp c\u1ed5ng b\u1ea3o m\u1eadt (SSL). Khi ch\u00fang t\u00f4i kh\u00f4ng th\u1ec3 \u0111\u1ea3m b\u1ea3o 100% b\u1ea3o m\u1eadt, SSL s\u1ebd khi\u1ebfn tin t\u1eb7c kh\u00f3 gi\u1ea3i m\u00e3 th\u00f4ng tin c\u1ee7a b\u1ea1n. B\u1ea1n kh\u00f4ng n\u00ean g\u1eedi cho ch\u00fang t\u00f4i chi ti\u1ebft th\u1ebb t\u00edn d\u1ee5ng ho\u1eb7c th\u1ebb ghi n\u1ee3 \u0111\u1ea7y \u0111\u1ee7 c\u1ee7a b\u1ea1n m\u00e0 kh\u00f4ng \u0111\u01b0\u1ee3c m\u00e3 h\u00f3a. Ch\u00fang t\u00f4i duy tr\u00ec c\u00e1c bi\u1ec7n ph\u00e1p b\u1ea3o v\u1ec7 v\u1eadt l\u00fd v\u00e0 \u0111i\u1ec7n t\u1eed li\u00ean quan \u0111\u1ebfn vi\u1ec7c thu th\u1eadp, l\u01b0u tr\u1eef v\u00e0 ti\u1ebft l\u1ed9 th\u00f4ng tin c\u1ee7a b\u1ea1n. C\u00e1c quy tr\u00ecnh an to\u00e0n c\u1ee7a ch\u00fang t\u00f4i c\u00f3 ngh\u0129a l\u00e0 \u0111\u00f4i khi ch\u00fang t\u00f4i c\u00f3 th\u1ec3 y\u00eau c\u1ea7u nh\u1eadn d\u1ea1ng tr\u01b0\u1edbc khi ti\u1ebft l\u1ed9 th\u00f4ng tin c\u00e1 nh\u00e2n cho b\u1ea1n.<\/p>\r\n<p style=\"text-align: justify;\">Ch\u00fang t\u00f4i khuy\u00ean b\u1ea1n kh\u00f4ng n\u00ean cung c\u1ea5p chi ti\u1ebft thanh to\u00e1n c\u1ee7a b\u1ea1n cho b\u1ea5t k\u1ef3 ai qua e-mail, ch\u00fang t\u00f4i kh\u00f4ng ch\u1ecbu tr\u00e1ch nhi\u1ec7m v\u1ec1 b\u1ea5t k\u1ef3 t\u1ed5n th\u1ea5t n\u00e0o m\u00e0 b\u1ea1n c\u00f3 th\u1ec3 ph\u1ea3i ch\u1ecbu trong vi\u1ec7c trao \u0111\u1ed5i th\u00f4ng tin. kh\u00e1ch h\u00e0ng qua internet ho\u1eb7c email.<\/p>\r\n<figure id=\"attachment_6823\" aria-describedby=\"caption-attachment-6823\" style=\"width: 800px\" class=\"wp-caption aligncenter\"><img decoding=\"async\" class=\"wp-image-6823\" title=\"information privacy policy\" src=\"https:\/\/dugarco.com\/wp-content\/uploads\/2022\/06\/information-privacy-policy.jpg\" alt=\"information privacy policy\" width=\"800\" height=\"485\" srcset=\"https:\/\/dugarco.com\/wp-content\/uploads\/2022\/06\/information-privacy-policy.jpg 750w, https:\/\/dugarco.com\/wp-content\/uploads\/2022\/06\/information-privacy-policy-300x182.jpg 300w, https:\/\/dugarco.com\/wp-content\/uploads\/2022\/06\/information-privacy-policy-18x12.jpg 18w\" sizes=\"(max-width: 800px) 100vw, 800px\" \/><figcaption id=\"caption-attachment-6823\" class=\"wp-caption-text\">All transaction information will be kept confidential<\/figcaption><\/figure>\r\n<p style=\"text-align: justify;\">B\u1ea1n tuy\u1ec7t \u0111\u1ed1i kh\u00f4ng s\u1eed d\u1ee5ng b\u1ea5t k\u1ef3 ch\u01b0\u01a1ng tr\u00ecnh, c\u00f4ng c\u1ee5 hay h\u00ecnh th\u1ee9c n\u00e0o kh\u00e1c \u0111\u1ec3 can thi\u1ec7p v\u00e0o h\u1ec7 th\u1ed1ng ho\u1eb7c thay \u0111\u1ed5i c\u1ea5u tr\u00fac d\u1eef li\u1ec7u. Nghi\u00eam c\u1ea5m ph\u00e1t t\u00e1n, tuy\u00ean truy\u1ec1n, c\u1ed5 v\u0169 m\u1ecdi ho\u1ea1t \u0111\u1ed9ng can thi\u1ec7p, ph\u00e1 ho\u1ea1i, x\u00e2m nh\u1eadp v\u00e0o d\u1eef li\u1ec7u c\u1ee7a h\u1ec7 th\u1ed1ng website. M\u1ecdi vi ph\u1ea1m s\u1ebd b\u1ecb t\u01b0\u1edbc b\u1ecf m\u1ecdi quy\u1ec1n l\u1ee3i v\u00e0 s\u1ebd b\u1ecb truy t\u1ed1 tr\u01b0\u1edbc ph\u00e1p lu\u1eadt n\u1ebfu c\u1ea7n thi\u1ebft.<\/p>\r\n<p style=\"text-align: justify;\">M\u1ecdi th\u00f4ng tin giao d\u1ecbch s\u1ebd \u0111\u01b0\u1ee3c b\u1ea3o m\u1eadt nh\u01b0ng trong tr\u01b0\u1eddng h\u1ee3p c\u01a1 quan ph\u00e1p lu\u1eadt c\u00f3 y\u00eau c\u1ea7u, ch\u00fang t\u00f4i s\u1ebd bu\u1ed9c ph\u1ea3i cung c\u1ea5p nh\u1eefng th\u00f4ng tin n\u00e0y cho c\u01a1 quan ph\u00e1p lu\u1eadt.<\/p>\r\n<p style=\"text-align: justify;\">C\u00e1c \u0111i\u1ec1u kho\u1ea3n, \u0111i\u1ec1u ki\u1ec7n v\u00e0 n\u1ed9i dung c\u1ee7a trang web n\u00e0y \u0111\u01b0\u1ee3c \u0111i\u1ec1u ch\u1ec9nh b\u1edfi lu\u1eadt ph\u00e1p Vi\u1ec7t Nam v\u00e0 \u0111\u01b0\u1ee3c xem x\u00e9t b\u1edfi c\u00e1c t\u00f2a \u00e1n c\u00f3 th\u1ea9m quy\u1ec1n c\u1ee7a Vi\u1ec7t Nam.<\/p>\r\n<h2 style=\"text-align: justify;\"><strong>4. Quy\u1ec1n l\u1ee3i c\u1ee7a kh\u00e1ch h\u00e0ng<\/strong><\/h2>\r\n<p style=\"text-align: justify;\">B\u1ea1n c\u00f3 quy\u1ec1n y\u00eau c\u1ea7u quy\u1ec1n truy c\u1eadp v\u00e0o d\u1eef li\u1ec7u c\u00e1 nh\u00e2n c\u1ee7a m\u00ecnh v\u00e0 c\u00f3 quy\u1ec1n y\u00eau c\u1ea7u ch\u00fang t\u00f4i s\u1eeda c\u00e1c l\u1ed7i trong d\u1eef li\u1ec7u c\u1ee7a b\u1ea1n mi\u1ec5n ph\u00ed. B\u1ea1n c\u00f3 quy\u1ec1n b\u1ea5t c\u1ee9 l\u00fac n\u00e0o \u0111\u1ec3 y\u00eau c\u1ea7u ch\u00fang t\u00f4i ng\u1eebng s\u1eed d\u1ee5ng d\u1eef li\u1ec7u c\u00e1 nh\u00e2n c\u1ee7a b\u1ea1n cho c\u00e1c m\u1ee5c \u0111\u00edch ti\u1ebfp th\u1ecb.<\/p>\r\n<h3 style=\"text-align: justify;\"><strong>4.1 M\u1ee5c \u0111\u00edch v\u00e0 ph\u1ea1m vi thu th\u1eadp th\u00f4ng tin c\u00e1 nh\u00e2n<\/strong><\/h3>\r\n<p style=\"text-align: justify;\">Th\u00f4ng tin c\u00e1 nh\u00e2n c\u1ee7a th\u00e0nh vi\u00ean c\u00f3 th\u1ec3 \u0111\u01b0\u1ee3c ch\u00fang t\u00f4i s\u1eed d\u1ee5ng cho c\u00e1c m\u1ee5c \u0111\u00edch h\u1ee3p ph\u00e1p sau:<\/p>\r\n<p style=\"text-align: justify;\">- D\u00f9ng \u0111\u1ec3 x\u00e1c nh\u1eadn \u0111\u01a1n h\u00e0ng khi kh\u00e1ch h\u00e0ng mu\u1ed1n mua b\u1ea5t k\u1ef3 s\u1ea3n ph\u1ea9m n\u00e0o tr\u00ean website<\/p>\r\n<p style=\"text-align: justify;\">- D\u00f9ng \u0111\u1ec3 g\u1eedi th\u00f4ng b\u00e1o, tri\u1ec3n khai c\u00e1c ch\u01b0\u01a1ng tr\u00ecnh qu\u1ea3ng c\u00e1o, PR cho c\u00e1c d\u1ecbch v\u1ee5 m\u1edbi s\u1eed d\u1ee5ng tr\u00ean website<\/p>\r\n<p style=\"text-align: justify;\">Cung c\u1ea5p th\u00f4ng tin v\u1ec1 d\u1ecbch v\u1ee5 qua email,<\/p>\r\n<p style=\"text-align: justify;\">D\u00f9ng \u0111\u1ec3 ph\u00e2n t\u00edch xu h\u01b0\u1edbng ti\u00eau d\u00f9ng c\u1ee7a kh\u00e1ch h\u00e0ng, nh\u1eb1m m\u1ee5c \u0111\u00edch x\u00e2y d\u1ef1ng d\u1ecbch v\u1ee5 m\u1edbi, ho\u1eb7c c\u1ea3i ti\u1ebfn d\u1ecbch v\u1ee5 c\u0169.<\/p>\r\n<p style=\"text-align: justify;\">D\u00f9ng \u0111\u1ec3 li\u00ean h\u1ec7 v\u1edbi c\u00e1c th\u00e0nh vi\u00ean khi ch\u00fang t\u00f4i \u0111i\u1ec1u tra th\u00f4ng tin kh\u00e1ch h\u00e0ng, t\u1ed5 ch\u1ee9c c\u00e1c ch\u01b0\u01a1ng tr\u00ecnh khuy\u1ebfn m\u00e3i, trao \u0111\u1ed5i \u00fd ki\u1ebfn \u200b\u200bv\u00e0 th\u00f4ng tin tr\u00ean b\u1ea3ng x\u1ebfp h\u1ea1ng, b\u00ecnh lu\u1eadn.<\/p>\r\n<p style=\"text-align: justify;\">D\u00f9ng \u0111\u1ec3 tr\u1ea3 l\u1eddi c\u00e2u h\u1ecfi c\u1ee7a kh\u00e1ch h\u00e0ng: ch\u00fang t\u00f4i s\u1ebd tr\u1ea3 l\u1eddi th\u00e0nh vi\u00ean qua email, \u0111i\u1ec7n tho\u1ea1i ho\u1eb7c g\u1eedi th\u01b0 \u0111\u1ebfn \u0111\u1ecba ch\u1ec9 c\u1ee7a th\u00e0nh vi\u00ean khi th\u00e0nh vi\u00ean c\u00f3 th\u1eafc m\u1eafc.<\/p>\r\n<h3 style=\"text-align: justify;\"><strong>4.2 Th\u1eddi gian l\u01b0u tr\u1eef th\u00f4ng tin<\/strong><\/h3>\r\n<p style=\"text-align: justify;\">- Ch\u00fang t\u00f4i s\u1ebd l\u01b0u tr\u1eef c\u00e1c Th\u00f4ng tin c\u00e1 nh\u00e2n do Kh\u00e1ch h\u00e0ng cung c\u1ea5p tr\u00ean h\u1ec7 th\u1ed1ng n\u1ed9i b\u1ed9 c\u1ee7a ch\u00fang t\u00f4i trong qu\u00e1 tr\u00ecnh cung c\u1ea5p d\u1ecbch v\u1ee5 cho Kh\u00e1ch h\u00e0ng ho\u1eb7c cho \u0111\u1ebfn khi ho\u00e0n th\u00e0nh m\u1ee5c \u0111\u00edch thu th\u1eadp ho\u1eb7c khi Kh\u00e1ch h\u00e0ng c\u00f3 y\u00eau c\u1ea7u h\u1ee7y c\u00e1c th\u00f4ng tin \u0111\u00e3 cung c\u1ea5p.<\/p>\r\n<h3 style=\"text-align: justify;\"><strong>4.3 C\u00e1c \u0111i\u1ec1u kho\u1ea3n kh\u00e1c<\/strong><\/h3>\r\n<p style=\"text-align: justify;\">N\u1ebfu C\u00f4ng ty c\u1ea7n thu th\u1eadp th\u00eam th\u00f4ng tin, C\u00f4ng ty s\u1ebd h\u1ecfi \u00fd ki\u1ebfn \u200b\u200bNg\u01b0\u1eddi d\u00f9ng tr\u01b0\u1edbc khi th\u1ef1c hi\u1ec7n.<\/p>\r\n<p style=\"text-align: justify;\">Th\u00f4ng tin Ng\u01b0\u1eddi b\u00e1n tr\u00ean website nh\u1eb1m ph\u1ee5c v\u1ee5 vi\u1ec7c mua b\u00e1n gi\u1eefa Ng\u01b0\u1eddi b\u00e1n v\u00e0 Ng\u01b0\u1eddi mua. N\u1ebfu c\u1ea7n tr\u1ee3 gi\u00fap k\u1ef9 thu\u1eadt trong vi\u1ec7c ki\u1ec3m tra, c\u1eadp nh\u1eadt, \u0111i\u1ec1u ch\u1ec9nh ho\u1eb7c h\u1ee7y b\u1ecf, Ng\u01b0\u1eddi b\u00e1n c\u00f3 th\u1ec3 g\u1eedi email y\u00eau c\u1ea7u \u0111\u1ebfn: dugarco@mayducgiang.com.vn<\/p>\r\n<h3 style=\"text-align: justify;\"><strong>4.4 C\u01a1 ch\u1ebf ti\u1ebfp nh\u1eadn v\u00e0 gi\u1ea3i quy\u1ebft khi\u1ebfu n\u1ea1i c\u1ee7a kh\u00e1ch h\u00e0ng khi th\u00f4ng tin c\u00e1 nh\u00e2n b\u1ecb s\u1eed d\u1ee5ng sai m\u1ee5c \u0111\u00edch ho\u1eb7c ph\u1ea1m vi<\/strong><\/h3>\r\n<p style=\"text-align: justify;\">Khi ph\u00e1t hi\u1ec7n th\u00f4ng tin c\u00e1 nh\u00e2n c\u1ee7a m\u00ecnh b\u1ecb s\u1eed d\u1ee5ng sai m\u1ee5c \u0111\u00edch, sai ph\u1ea1m vi, ng\u01b0\u1eddi s\u1eed d\u1ee5ng c\u00f3 quy\u1ec1n g\u1eedi email khi\u1ebfu n\u1ea1i \u0111\u1ebfn \u0111\u1ecba ch\u1ec9 dugarco@mayducgiang.com.vn k\u00e8m theo nh\u1eefng th\u00f4ng tin v\u00e0 b\u1eb1ng ch\u1ee9ng li\u00ean quan \u0111\u1ebfn vi\u1ec7c n\u00e0y. C\u00f4ng ty cam k\u1ebft s\u1ebd ph\u1ea3n h\u1ed3i ngay l\u1eadp t\u1ee9c trong v\u00f2ng 24 gi\u1edd \u0111\u1ec3 th\u1ed1ng nh\u1ea5t v\u1edbi Ng\u01b0\u1eddi s\u1eed d\u1ee5ng v\u1ec1 gi\u1ea3i ph\u00e1p.<\/p>","protected":false},"excerpt":{"rendered":"<p>Thank you for visiting the website https:\/\/dugarco.com\/. We respect and are committed to protecting your privacy. Please read the Privacy Policy below to understand better the commitments we make to respect and protect the rights of our visitors. This Privacy Policy explains how we receive, use, and (under certain circumstances) disclose your personal information. This [&hellip;]<\/p>","protected":false},"author":4,"featured_media":0,"parent":0,"menu_order":0,"comment_status":"closed","ping_status":"open","template":"","meta":{"footnotes":""},"class_list":["post-3","page","type-page","status-publish","hentry"],"_links":{"self":[{"href":"https:\/\/dugarco.com\/vi\/wp-json\/wp\/v2\/pages\/3","targetHints":{"allow":["GET"]}}],"collection":[{"href":"https:\/\/dugarco.com\/vi\/wp-json\/wp\/v2\/pages"}],"about":[{"href":"https:\/\/dugarco.com\/vi\/wp-json\/wp\/v2\/types\/page"}],"author":[{"embeddable":true,"href":"https:\/\/dugarco.com\/vi\/wp-json\/wp\/v2\/users\/4"}],"replies":[{"embeddable":true,"href":"https:\/\/dugarco.com\/vi\/wp-json\/wp\/v2\/comments?post=3"}],"version-history":[{"count":4,"href":"https:\/\/dugarco.com\/vi\/wp-json\/wp\/v2\/pages\/3\/revisions"}],"predecessor-version":[{"id":6824,"href":"https:\/\/dugarco.com\/vi\/wp-json\/wp\/v2\/pages\/3\/revisions\/6824"}],"wp:attachment":[{"href":"https:\/\/dugarco.com\/vi\/wp-json\/wp\/v2\/media?parent=3"}],"curies":[{"name":"wp","href":"https:\/\/api.w.org\/{rel}","templated":true}]}}